{"id":27,"date":"2021-01-26T14:58:34","date_gmt":"2021-01-26T18:58:34","guid":{"rendered":"https:\/\/www.seminaire-sherbrooke.qc.ca\/formulaires\/?page_id=27"},"modified":"2021-01-26T15:00:53","modified_gmt":"2021-01-26T19:00:53","slug":"demande-de-stagiaire","status":"publish","type":"page","link":"https:\/\/www.seminaire-sherbrooke.qc.ca\/formulaires\/demande-de-stagiaire\/","title":{"rendered":"Formulaire demande de stagiaire"},"content":{"rendered":"<div class=\"wpforms-container wpforms-container-full\" id=\"wpforms-25\"><form id=\"wpforms-form-25\" class=\"wpforms-validate wpforms-form\" data-formid=\"25\" method=\"post\" enctype=\"multipart\/form-data\" action=\"\/formulaires\/wp-json\/wp\/v2\/pages\/27?wpforms_form_id=25\" data-token=\"895bb66c2dd343bd8c46238e89f04cd5\"><noscript class=\"wpforms-error-noscript\">Veuillez activer JavaScript dans votre navigateur pour remplir ce formulaire.<\/noscript><div class=\"wpforms-field-container\"><div id=\"wpforms-25-field_11-container\" class=\"wpforms-field wpforms-field-radio\" data-field-id=\"11\"><label class=\"wpforms-field-label\" for=\"wpforms-25-field_11\">Programme cibl\u00e9 <span class=\"wpforms-required-label\">*<\/span><\/label><ul id=\"wpforms-25-field_11\" class=\"wpforms-field-required\"><li class=\"choice-2 depth-1\"><input type=\"radio\" id=\"wpforms-25-field_11_2\" name=\"wpforms[fields][11]\" value=\"Programme Technologie de l\u2019architecture\" required ><label class=\"wpforms-field-label-inline\" for=\"wpforms-25-field_11_2\">Programme Technologie de l\u2019architecture<\/label><\/li><li class=\"choice-3 depth-1\"><input type=\"radio\" id=\"wpforms-25-field_11_3\" name=\"wpforms[fields][11]\" value=\"Programme Techniques juridiques\" required ><label class=\"wpforms-field-label-inline\" for=\"wpforms-25-field_11_3\">Programme Techniques juridiques<\/label><\/li><li class=\"choice-4 depth-1\"><input type=\"radio\" id=\"wpforms-25-field_11_4\" name=\"wpforms[fields][11]\" value=\"Programme Techniques d\u2019intervention en criminologie\" required ><label class=\"wpforms-field-label-inline\" for=\"wpforms-25-field_11_4\">Programme Techniques d\u2019intervention en criminologie<\/label><\/li><li class=\"choice-5 depth-1\"><input type=\"radio\" id=\"wpforms-25-field_11_5\" name=\"wpforms[fields][11]\" value=\"Programme Gestionnaire en marketing web\" required ><label class=\"wpforms-field-label-inline\" for=\"wpforms-25-field_11_5\">Programme Gestionnaire en marketing web<\/label><\/li><li class=\"choice-6 depth-1\"><input type=\"radio\" id=\"wpforms-25-field_11_6\" name=\"wpforms[fields][11]\" value=\"Programme Estimation en construction et r\u00e9novation\" required ><label class=\"wpforms-field-label-inline\" for=\"wpforms-25-field_11_6\">Programme Estimation en construction et r\u00e9novation<\/label><\/li><li class=\"choice-7 depth-1\"><input type=\"radio\" id=\"wpforms-25-field_11_7\" name=\"wpforms[fields][11]\" value=\"Programme \u00c9tudes brassicoles\" required ><label class=\"wpforms-field-label-inline\" for=\"wpforms-25-field_11_7\">Programme \u00c9tudes brassicoles<\/label><\/li><li class=\"choice-8 depth-1\"><input type=\"radio\" id=\"wpforms-25-field_11_8\" name=\"wpforms[fields][11]\" value=\"Programme Testeur, testeuse de jeux vid\u00e9o\" required ><label class=\"wpforms-field-label-inline\" for=\"wpforms-25-field_11_8\">Programme Testeur, testeuse de jeux vid\u00e9o<\/label><\/li><\/ul><\/div><div id=\"wpforms-25-field_4-container\" class=\"wpforms-field wpforms-field-text\" data-field-id=\"4\"><label class=\"wpforms-field-label\" for=\"wpforms-25-field_4\">Nom de votre entreprise <span class=\"wpforms-required-label\">*<\/span><\/label><input type=\"text\" id=\"wpforms-25-field_4\" class=\"wpforms-field-medium wpforms-field-required\" name=\"wpforms[fields][4]\" required><\/div><div id=\"wpforms-25-field_5-container\" class=\"wpforms-field wpforms-field-text\" data-field-id=\"5\"><label class=\"wpforms-field-label\" for=\"wpforms-25-field_5\">Nom de la personne ressource \u00e0 contacter <span class=\"wpforms-required-label\">*<\/span><\/label><input type=\"text\" id=\"wpforms-25-field_5\" class=\"wpforms-field-medium wpforms-field-required\" name=\"wpforms[fields][5]\" required><\/div><div id=\"wpforms-25-field_6-container\" class=\"wpforms-field wpforms-field-email\" data-field-id=\"6\"><label class=\"wpforms-field-label\" for=\"wpforms-25-field_6\">Courriel de la personne ressource <span class=\"wpforms-required-label\">*<\/span><\/label><input type=\"email\" id=\"wpforms-25-field_6\" class=\"wpforms-field-medium wpforms-field-required\" name=\"wpforms[fields][6]\" required><\/div><div id=\"wpforms-25-field_7-container\" class=\"wpforms-field wpforms-field-text\" data-field-id=\"7\"><label class=\"wpforms-field-label\" for=\"wpforms-25-field_7\">T\u00e9l\u00e9phone de la personne ressource <span class=\"wpforms-required-label\">*<\/span><\/label><input type=\"text\" id=\"wpforms-25-field_7\" class=\"wpforms-field-medium wpforms-field-required\" name=\"wpforms[fields][7]\" required><\/div><div id=\"wpforms-25-field_8-container\" class=\"wpforms-field wpforms-field-radio\" data-field-id=\"8\"><label class=\"wpforms-field-label\" for=\"wpforms-25-field_8\">Selon la r\u00e9alit\u00e9 de votre milieu de travail, envisagez-vous une r\u00e9mun\u00e9ration pour un stagiaire?<\/label><ul id=\"wpforms-25-field_8\"><li class=\"choice-1 depth-1\"><input type=\"radio\" id=\"wpforms-25-field_8_1\" name=\"wpforms[fields][8]\" value=\"Oui\"  ><label class=\"wpforms-field-label-inline\" for=\"wpforms-25-field_8_1\">Oui<\/label><\/li><li class=\"choice-2 depth-1\"><input type=\"radio\" id=\"wpforms-25-field_8_2\" name=\"wpforms[fields][8]\" value=\"Non\"  ><label class=\"wpforms-field-label-inline\" for=\"wpforms-25-field_8_2\">Non<\/label><\/li><\/ul><div class=\"wpforms-field-description\">Certains milieux de stages tiennent \u00e0 offrir une petite r\u00e9mun\u00e9ration \u00e0 leur stagiaire, m\u00eame s'il ne s'agit pas d'un stage r\u00e9mun\u00e9r\u00e9.<\/div><\/div><div id=\"wpforms-25-field_10-container\" class=\"wpforms-field wpforms-field-file-upload\" data-field-id=\"10\"><label class=\"wpforms-field-label\" for=\"wpforms-25-field_10\">Veuillez fournir une description des t\u00e2ches qui sont attendues du stagiaire <span class=\"wpforms-required-label\">*<\/span><\/label><div class=\"wpforms-uploader\"\n\tdata-field-id=\"10\"\n\tdata-form-id=\"25\"\n\tdata-input-name=\"wpforms_25_10\"\n\tdata-extensions=\"jpg,jpeg,jpe,gif,png,bmp,tiff,tif,webp,avif,ico,heic,heif,heics,heifs,asf,asx,wmv,wmx,wm,avi,divx,mov,qt,mpeg,mpg,mpe,mp4,m4v,ogv,webm,mkv,3gp,3gpp,3g2,3gp2,txt,asc,c,cc,h,srt,csv,tsv,ics,rtx,css,vtt,mp3,m4a,m4b,aac,ra,ram,wav,ogg,oga,flac,mid,midi,wma,wax,mka,rtf,pdf,class,tar,zip,gz,gzip,rar,7z,psd,xcf,doc,pot,pps,ppt,wri,xla,xls,xlt,xlw,mpp,docx,docm,dotx,dotm,xlsx,xlsm,xlsb,xltx,xltm,xlam,pptx,pptm,ppsx,ppsm,potx,potm,ppam,sldx,sldm,onetoc,onetoc2,onepkg,oxps,xps,odt,odp,ods,odg,odc,odb,odf,wp,wpd,key,numbers,pages\"\n\tdata-max-size=\"1073741824\"\n\tdata-max-file-number=\"1\"\n\tdata-post-max-size=\"1073741824\"\n    data-max-parallel-uploads=\"4\"\n    data-parallel-uploads=\"true\"\n\tdata-file-chunk-size=\"2097152\">\n\t<div class=\"dz-message\">\n\t\t<svg viewBox=\"0 0 1024 1024\" focusable=\"false\" class=\"\" data-icon=\"inbox\" width=\"50px\" height=\"50px\" fill=\"#B1B1B1\" aria-hidden=\"true\"><path d=\"M885.2 446.3l-.2-.8-112.2-285.1c-5-16.1-19.9-27.2-36.8-27.2H281.2c-17 0-32.1 11.3-36.9 27.6L139.4 443l-.3.7-.2.8c-1.3 4.9-1.7 9.9-1 14.8-.1 1.6-.2 3.2-.2 4.8V830a60.9 60.9 0 0 0 60.8 60.8h627.2c33.5 0 60.8-27.3 60.9-60.8V464.1c0-1.3 0-2.6-.1-3.7.4-4.9 0-9.6-1.3-14.1zm-295.8-43l-.3 15.7c-.8 44.9-31.8 75.1-77.1 75.1-22.1 0-41.1-7.1-54.8-20.6S436 441.2 435.6 419l-.3-15.7H229.5L309 210h399.2l81.7 193.3H589.4zm-375 76.8h157.3c24.3 57.1 76 90.8 140.4 90.8 33.7 0 65-9.4 90.3-27.2 22.2-15.6 39.5-37.4 50.7-63.6h156.5V814H214.4V480.1z\"><\/path><\/svg>\n\t\t<span class=\"modern-title\">\n\t\t\tCliquez ou d\u00e9placez un fichier dans cette zone pour le t\u00e9l\u00e9verser.\t\t<\/span>\n\n\t\t\t<\/div>\n<\/div>\n<input type=\"text\" class=\"dropzone-input\"\n\tstyle=\"position:absolute!important;clip:rect(0,0,0,0)!important;height:1px!important;width:1px!important;border:0!important;overflow:hidden!important;padding:0!important;margin:0!important;\"\n\tid=\"wpforms-25-field_10\"\n\tname=\"wpforms_25_10\" required>\n<\/div><div id=\"wpforms-25-field_12-container\" class=\"wpforms-field wpforms-field-textarea\" data-field-id=\"12\"><label class=\"wpforms-field-label\" for=\"wpforms-25-field_12\">Message<\/label><textarea id=\"wpforms-25-field_12\" class=\"wpforms-field-medium\" name=\"wpforms[fields][12]\" ><\/textarea><\/div><\/div><div class=\"wpforms-submit-container\" ><input type=\"hidden\" name=\"wpforms[id]\" value=\"25\"><input type=\"hidden\" name=\"wpforms[author]\" value=\"1\"><button type=\"submit\" name=\"wpforms[submit]\" class=\"wpforms-submit \" id=\"wpforms-submit-25\" value=\"wpforms-submit\" aria-live=\"assertive\" data-alt-text=\"Envoi...\" data-submit-text=\"Envoyer\">Envoyer<\/button><\/div><\/form><\/div>  <!-- .wpforms-container -->","protected":false},"excerpt":{"rendered":"","protected":false},"author":1,"featured_media":0,"parent":0,"menu_order":0,"comment_status":"closed","ping_status":"closed","template":"","meta":{"footnotes":""},"class_list":["post-27","page","type-page","status-publish","hentry"],"_links":{"self":[{"href":"https:\/\/www.seminaire-sherbrooke.qc.ca\/formulaires\/wp-json\/wp\/v2\/pages\/27","targetHints":{"allow":["GET"]}}],"collection":[{"href":"https:\/\/www.seminaire-sherbrooke.qc.ca\/formulaires\/wp-json\/wp\/v2\/pages"}],"about":[{"href":"https:\/\/www.seminaire-sherbrooke.qc.ca\/formulaires\/wp-json\/wp\/v2\/types\/page"}],"author":[{"embeddable":true,"href":"https:\/\/www.seminaire-sherbrooke.qc.ca\/formulaires\/wp-json\/wp\/v2\/users\/1"}],"replies":[{"embeddable":true,"href":"https:\/\/www.seminaire-sherbrooke.qc.ca\/formulaires\/wp-json\/wp\/v2\/comments?post=27"}],"version-history":[{"count":1,"href":"https:\/\/www.seminaire-sherbrooke.qc.ca\/formulaires\/wp-json\/wp\/v2\/pages\/27\/revisions"}],"predecessor-version":[{"id":28,"href":"https:\/\/www.seminaire-sherbrooke.qc.ca\/formulaires\/wp-json\/wp\/v2\/pages\/27\/revisions\/28"}],"wp:attachment":[{"href":"https:\/\/www.seminaire-sherbrooke.qc.ca\/formulaires\/wp-json\/wp\/v2\/media?parent=27"}],"curies":[{"name":"wp","href":"https:\/\/api.w.org\/{rel}","templated":true}]}}